{"id":19,"date":"2019-09-06T14:01:28","date_gmt":"2019-09-06T12:01:28","guid":{"rendered":"http:\/\/www.cait-urv.eu\/hifrensa\/?page_id=19"},"modified":"2019-12-09T10:35:04","modified_gmt":"2019-12-09T09:35:04","slug":"es-antonio-bonet","status":"publish","type":"page","link":"http:\/\/www.cait-urv.eu\/hifrensa\/es-antonio-bonet\/","title":{"rendered":"antonio bonet"},"content":{"rendered":"\n<div class=\"slider castellano aster-carousel\">\n \t\n    \n    <div class=\"aster-diapositiva\"><ul>\n    <li><a href=\"#img01\"><img decoding=\"async\" src=\"http:\/\/www.cait-urv.eu\/hifrensa\/paneles\/panel-bon-01.jpg\"><\/a><\/li>\n    <li class=\"aster-diapositiva-texto\">Antonio Bonet Castellana (Barcelona, 1913-1989) estudia Arquitectura en la Escuela de Barcelona en 1929. Sus maestros son Josep Llu\u00eds Sert y Josep Torres Clav\u00e9, con quienes trabaja en Barcelona entre 1932 y 1936.<\/li>\n    <\/ul><\/div> \n     \n\t<div class=\"aster-diapositiva\"><ul>\n    <li><a href=\"#img02\"><img decoding=\"async\" src=\"http:\/\/www.cait-urv.eu\/hifrensa\/paneles\/panel-bon-02.jpg\"><\/a><\/li>\n    <li class=\"aster-diapositiva-texto\">En 1933 Antonio Bonet viaja en el Patris II de Marsella a Atenas para asistir al Congreso Internacional de Arquitectura Moderna (CIAM IV) como estudiante asociado al GATEPAC (Grupo de Artistas y T\u00e9cnicos Espa\u00f1oles para el Progreso de la Arquitectura Contempor\u00e1nea). Antonio Bonet, en el centro, entre sus compa\u00f1eros Josep Llu\u00eds Sert y Josep Torres Clav\u00e9, fotografiado en el Parten\u00f3n, Atenas.<\/li>\n    <\/ul><\/div>\n        \n\t<div class=\"aster-diapositiva\"><ul>\n    <li><a href=\"#img03\"><img decoding=\"async\" src=\"http:\/\/www.cait-urv.eu\/hifrensa\/paneles\/panel-bon-03.jpg\"><\/a><\/li>\n    <li class=\"aster-diapositiva-texto\">Antonio Bonet participa como estudiante en el montaje del Pabell\u00f3n de la Rep\u00fablica Espa\u00f1ola, obra de Josep Llu\u00eds Sert y Lu\u00eds Lacasa, en la Exposici\u00f3n Internacional de Par\u00eds (1937). Participan entre otros, Pablo Picasso, Joan Mir\u00f3, Julio Gonz\u00e1lez, Alberto S\u00e1nchez y Alexander Calder. Picasso pinta el \u00abGuernica\u00bb con unas dimensiones murales (349,3 x 776,6 cm) pensadas para el pabell\u00f3n.<\/li>\n    <\/ul><\/div>\n       \n    <div class=\"aster-diapositiva\"><ul>\n    <li><a href=\"#img04\"><img decoding=\"async\" src=\"http:\/\/www.cait-urv.eu\/hifrensa\/paneles\/panel-bon-04.jpg\"><\/a><\/li>\n    <li class=\"aster-diapositiva-texto\">Anteproyecto de las Maisons Jaoul (1937). Durante la Guerra Civil, entre 1936 y 1937, Antonio Bonet trabaja en el taller de Le Corbusier donde conoce al arquitecto y pintor chileno Roberto Matta. Bonet ayuda a dise\u00f1ar las Maisons Jaoul (1937) y el Pabell\u00f3n del Agua para la Exposici\u00f3n Internacional de Lieja (1938).<\/li>\n    <\/ul><\/div>\n    \n    <div class=\"aster-diapositiva\"><ul>\n    <li><a href=\"#img05\"><img decoding=\"async\" src=\"http:\/\/www.cait-urv.eu\/hifrensa\/paneles\/panel-bon-05.jpg\"><\/a><\/li>\n    <li class=\"aster-diapositiva-texto\">En 1938 Antonio Bonet se exilia a Argentina. Siguiendo el esp\u00edritu del GATEPAC, con Juan Kurchan y Jorge Ferrari-Hardoy compa\u00f1eros del taller de Le Corbusier, funda el Grupo Austral.<\/li>\n    <\/ul><\/div>\t\n    \n    <div class=\"aster-diapositiva\"><ul>\n    <li><a href=\"#img06\"><img decoding=\"async\" src=\"http:\/\/www.cait-urv.eu\/hifrensa\/paneles\/panel-bon-06.jpg\"><\/a><\/li>\n    <li class=\"aster-diapositiva-texto\">Edificio de viviendas Paraguay y Suipacha, Buenos Aires (1938-39); en colaboraci\u00f3n con Abel L\u00f3pez Chas y Alejandro Vera Barros.<\/li>\n    <\/ul><\/div>\n    \n    <div class=\"aster-diapositiva\"><ul>\n    <li><a href=\"#img07\"><img decoding=\"async\" src=\"http:\/\/www.cait-urv.eu\/hifrensa\/paneles\/panel-bon-07.jpg\"><\/a><\/li>\n    <li class=\"aster-diapositiva-texto\">\u00c1tico del edificio de viviendas Paraguay y Suipacha, hogar de Bonet en Buenos Aires hasta 1941. En el \u00e1tico traslad\u00f3 algunos elementos ensayados en las Maisons Jaoul, como es el tratamiento escult\u00f3rico de la cubierta. Se incluyen elementos de tradici\u00f3n popular: pavimento de cer\u00e1mica, taburetes y objetos de fibras naturales.<\/li>\n    <\/ul><\/div>\n    \n\t<div class=\"aster-diapositiva\"><ul>\n    <li><a href=\"#img08\"><img decoding=\"async\" src=\"http:\/\/www.cait-urv.eu\/hifrensa\/paneles\/panel-bon-08.jpg\"><\/a><\/li>\n    <li class=\"aster-diapositiva-texto\">Antonio Bonet asiste al CIAM VII en B\u00e9rgamo (1949) como representante uruguayo-argentino. Presenta la conferencia: \u201cNuevas precisiones sobre arquitectura y urbanismo\u201d. La conferencia la ilustra con diapositivas y una pel\u00edcula documental: \u00abLa ciudad frente al r\u00edo\u00bb (1948), realizada por Enrico Gras, donde puede verse el Conjunto Habitacional Bajo Belgrano de Buenos Aires (1949).<\/li>\n    <\/ul><\/div>\n    \n    <div class=\"aster-diapositiva\"><ul>\n    <li><a href=\"#img09\"><img decoding=\"async\" src=\"http:\/\/www.cait-urv.eu\/hifrensa\/paneles\/panel-bon-09.jpg\"><\/a><\/li>\n    <li class=\"aster-diapositiva-texto\">Casa Rubio en Cap de Salou, Tarragona (1959). El gran volumen de encargos que llegan de Espa\u00f1a precipitan su regreso en 1963. Sus obras que incluyen el urbanismo se concentran en el arco mediterr\u00e1neo, M\u00e1laga, Murcia, Tarragona, Barcelona y Girona, donde colabora con Josep Puig Torn\u00e9.<\/li>\n    <\/ul><\/div>\n    \n    <div class=\"aster-diapositiva\"><ul>\n    <li><a href=\"#img10\"><img decoding=\"async\" src=\"http:\/\/www.cait-urv.eu\/hifrensa\/paneles\/panel-bon-10.jpg\"><\/a><\/li>\n    <li class=\"aster-diapositiva-texto\">Casa La Ricarda, El Prat de Llobregat, Barcelona (1949-62) es premio extraordinario FAD (1958-1978). Es una obra emblem\u00e1tica de la arquitectura moderna espa\u00f1ola. Esta casa fue un lugar de reuni\u00f3n de la vanguardia catalana de los a\u00f1os 60.<\/li>\n    <\/ul><\/div>\n     \n\t<div class=\"aster-diapositiva\"><ul>\n    <li><a href=\"#img11\"><img decoding=\"async\" src=\"http:\/\/www.cait-urv.eu\/hifrensa\/paneles\/panel-bon-11.jpg\"><\/a><\/li>\n    <li class=\"aster-diapositiva-texto\">Can\u00f3dromo Meridiana, Barcelona (1963). Foto: Francesc Catal\u00e0 Roca.<\/li>\n    <\/ul><\/div>\n    \n\t<div class=\"aster-diapositiva\"><ul>\n    <li><a href=\"#img12\"><img decoding=\"async\" src=\"http:\/\/www.cait-urv.eu\/hifrensa\/paneles\/panel-bon-12.jpg\"><\/a><\/li>\n    <li class=\"aster-diapositiva-texto\">Can\u00f3dromo de la Meridiana, Barcelona (1963), realizado con Josep Puig Torn\u00e9. Tras su regreso Bonet es considerado un arquitecto de prestigio. En 1960, el Museo de Arte Contempor\u00e1neo de Barcelona, a cargo de Alexandre Cirici-Pellicer, organiza una exposici\u00f3n de su obra.<\/li>\n    <\/ul><\/div>\n    \n\t<div class=\"aster-diapositiva\"><ul>\n    <li><a href=\"#img13\"><img decoding=\"async\" src=\"http:\/\/www.cait-urv.eu\/hifrensa\/paneles\/panel-bon-13.jpg\"><\/a><\/li>\n    <li class=\"aster-diapositiva-texto\">Sede del Tribunal Constitucional, Madrid (1975-1980). Edificio construido inicialmente como sede social de farmac\u00e9uticos, m\u00e9dicos, veterinarios y odont\u00f3logos. Obra de los arquitectos Antonio Bonet y Francisco Gonz\u00e1lez Vald\u00e9s.<\/li>\n    <\/ul><\/div>\n \n\t<div class=\"aster-diapositiva\"><ul>\n    <li><a href=\"#img14\"><img decoding=\"async\" src=\"http:\/\/www.cait-urv.eu\/hifrensa\/paneles\/panel-bon-14.jpg\"><\/a><\/li>\n    <li class=\"aster-diapositiva-texto\">Bonet visita las obras del poblado Hifrensa en l\u2019Hospitalet de l\u2019Infant (Tarragona) en 1972.<\/li>\n    <\/ul><\/div>\n    \n<\/div>\n\n\n<!-- lightbox container hidden with CSS -->\n<a href=\"#_\" class=\"lightbox\" id=\"img01\"><img decoding=\"async\" src=\"http:\/\/www.cait-urv.eu\/hifrensa\/paneles\/panel-bon-01.jpg\"><\/a>\n<a href=\"#_\" class=\"lightbox\" id=\"img02\"><img decoding=\"async\" src=\"http:\/\/www.cait-urv.eu\/hifrensa\/paneles\/panel-bon-02.jpg\"><\/a>\n<a href=\"#_\" class=\"lightbox\" id=\"img03\"><img decoding=\"async\" src=\"http:\/\/www.cait-urv.eu\/hifrensa\/paneles\/panel-bon-03.jpg\"><\/a>\n<a href=\"#_\" class=\"lightbox\" id=\"img04\"><img decoding=\"async\" src=\"http:\/\/www.cait-urv.eu\/hifrensa\/paneles\/panel-bon-04.jpg\"><\/a>\n<a href=\"#_\" class=\"lightbox\" id=\"img05\"><img decoding=\"async\" src=\"http:\/\/www.cait-urv.eu\/hifrensa\/paneles\/panel-bon-05.jpg\"><\/a>\n<a href=\"#_\" class=\"lightbox\" id=\"img06\"><img decoding=\"async\" src=\"http:\/\/www.cait-urv.eu\/hifrensa\/paneles\/panel-bon-06.jpg\"><\/a>\n<a href=\"#_\" class=\"lightbox\" id=\"img07\"><img decoding=\"async\" src=\"http:\/\/www.cait-urv.eu\/hifrensa\/paneles\/panel-bon-07.jpg\"><\/a>\n<a href=\"#_\" class=\"lightbox\" id=\"img08\"><img decoding=\"async\" src=\"http:\/\/www.cait-urv.eu\/hifrensa\/paneles\/panel-bon-08.jpg\"><\/a>\n<a href=\"#_\" class=\"lightbox\" id=\"img09\"><img decoding=\"async\" src=\"http:\/\/www.cait-urv.eu\/hifrensa\/paneles\/panel-bon-09.jpg\"><\/a>\n<a href=\"#_\" class=\"lightbox\" id=\"img10\"><img decoding=\"async\" src=\"http:\/\/www.cait-urv.eu\/hifrensa\/paneles\/panel-bon-10.jpg\"><\/a>\n<a href=\"#_\" class=\"lightbox\" id=\"img11\"><img decoding=\"async\" src=\"http:\/\/www.cait-urv.eu\/hifrensa\/paneles\/panel-bon-11.jpg\"><\/a>\n<a href=\"#_\" class=\"lightbox\" id=\"img12\"><img decoding=\"async\" src=\"http:\/\/www.cait-urv.eu\/hifrensa\/paneles\/panel-bon-12.jpg\"><\/a>\n<a href=\"#_\" class=\"lightbox\" id=\"img13\"><img decoding=\"async\" src=\"http:\/\/www.cait-urv.eu\/hifrensa\/paneles\/panel-bon-13.jpg\"><\/a>\n<a href=\"#_\" class=\"lightbox\" id=\"img14\"><img decoding=\"async\" src=\"http:\/\/www.cait-urv.eu\/hifrensa\/paneles\/panel-bon-14.jpg\"><\/a>\n\n<script type=\"text\/javascript\" src=\"\/\/code.jquery.com\/jquery-1.11.0.min.js\"><\/script>\n<script type=\"text\/javascript\" src=\"\/\/code.jquery.com\/jquery-migrate-1.2.1.min.js\"><\/script>\n<script type=\"text\/javascript\" src=\"http:\/\/www.cait-urv.eu\/hifrensa\/slick\/slick.min.js\"><\/script>\n\n<script type=\"text\/javascript\"> \nif (screen.width < 900) \n  $(document).ready(function(){\n  $('.aster-carousel').slick({\n  infinite: true,\n  arrows: true,\n  nextArrow:'<button type=\\\"button\\\" class=\\\"aster-carousel-next\\\">+<\/button>',\n  prevArrow:'<button type=\\\"button\\\" class=\\\"aster-carousel-prev\\\" >-<\/button>',\n  slidesToShow: 1,\n  slidesToScroll: 1\n  });\n  });\nelse \n  $(document).ready(function(){\n  $('.aster-carousel').slick({\n  infinite: true,\n  arrows: true,\n  nextArrow:'<button type=\\\"button\\\" class=\\\"aster-carousel-next\\\">+<\/button>',\n  prevArrow:'<button type=\\\"button\\\" class=\\\"aster-carousel-prev\\\" >-<\/button>',\n  slidesToShow: 3,\n  slidesToScroll: 3\n  });\n  });\n<\/script>\n","protected":false},"excerpt":{"rendered":"<p>Antonio Bonet Castellana (Barcelona, 1913-1989) estudia Arquitectura en la Escuela de Barcelona en 1929. Sus maestros son Josep Llu\u00eds Sert y Josep Torres Clav\u00e9, con quienes trabaja en Barcelona entre 1932 y 1936. En 1933 Antonio Bonet viaja en el Patris II de Marsella a Atenas para asistir al Congreso Internacional de Arquitectura Moderna (CIAM [&hellip;]<\/p>\n","protected":false},"author":1,"featured_media":0,"parent":0,"menu_order":0,"comment_status":"closed","ping_status":"closed","template":"","meta":[],"_links":{"self":[{"href":"http:\/\/www.cait-urv.eu\/hifrensa\/wp-json\/wp\/v2\/pages\/19"}],"collection":[{"href":"http:\/\/www.cait-urv.eu\/hifrensa\/wp-json\/wp\/v2\/pages"}],"about":[{"href":"http:\/\/www.cait-urv.eu\/hifrensa\/wp-json\/wp\/v2\/types\/page"}],"author":[{"embeddable":true,"href":"http:\/\/www.cait-urv.eu\/hifrensa\/wp-json\/wp\/v2\/users\/1"}],"replies":[{"embeddable":true,"href":"http:\/\/www.cait-urv.eu\/hifrensa\/wp-json\/wp\/v2\/comments?post=19"}],"version-history":[{"count":12,"href":"http:\/\/www.cait-urv.eu\/hifrensa\/wp-json\/wp\/v2\/pages\/19\/revisions"}],"predecessor-version":[{"id":103,"href":"http:\/\/www.cait-urv.eu\/hifrensa\/wp-json\/wp\/v2\/pages\/19\/revisions\/103"}],"wp:attachment":[{"href":"http:\/\/www.cait-urv.eu\/hifrensa\/wp-json\/wp\/v2\/media?parent=19"}],"curies":[{"name":"wp","href":"https:\/\/api.w.org\/{rel}","templated":true}]}}