{"id":30,"date":"2019-09-06T14:26:36","date_gmt":"2019-09-06T12:26:36","guid":{"rendered":"http:\/\/www.cait-urv.eu\/hifrensa\/?page_id=30"},"modified":"2019-12-09T11:27:39","modified_gmt":"2019-12-09T10:27:39","slug":"es-poblado-hifrensa","status":"publish","type":"page","link":"http:\/\/www.cait-urv.eu\/hifrensa\/es-poblado-hifrensa\/","title":{"rendered":"poblado hifrensa"},"content":{"rendered":"\n<div class=\"slider castellano aster-carousel\">\n  \n\t<div class=\"aster-diapositiva\"><ul>\n    <li><a href=\"#img01\"><img decoding=\"async\" src=\"http:\/\/www.cait-urv.eu\/hifrensa\/paneles\/panel-poblat-01.jpg\"><\/a><\/li>\n    <li class=\"aster-diapositiva-texto\">Antonio Bonet recibe el encargo de la construcci\u00f3n del poblado HIFRENSA, el conjunto residencial para alojar a los trabajadores de la central nuclear de Vandell\u00f2s-I. Cuenta con una escuela con jard\u00edn de infancia, biblioteca, club social, residencia para empleados solteros, zona deportiva y las dotaciones de infraestructura necesarias para abastecer a 280 viviendas de agua potable, electricidad y gas. El conjunto est\u00e1 conectado mediante pasos para peatones y bicicletas con plazas p\u00fablicas con esquema viario en <i>cul-de-sac<\/i>.<\/li>\n    <\/ul><\/div>\n    \n    <div class=\"aster-diapositiva\"><ul>\n    <li><a href=\"#img02\"><img decoding=\"async\" src=\"http:\/\/www.cait-urv.eu\/hifrensa\/paneles\/panel-poblat-02.jpg\"><\/a><\/li>\n    <li class=\"aster-diapositiva-texto\">Julio-Octubre 1968 Segunda versi\u00f3n. Se plantea una plaza central abrazada por la escuela, el club social y la residencia para empleados solteros formando una \u201cL\u201d. Se prev\u00e9 la construcci\u00f3n de un mercado y una capilla. El viario forma unas aspas con finales de calle con aparcamientos en <i>cul-de-sac<\/i>.<\/li>\n    <\/ul><\/div>\n \n\t<div class=\"aster-diapositiva\"><ul>\n    <li><a href=\"#img03\"><img decoding=\"async\" src=\"http:\/\/www.cait-urv.eu\/hifrensa\/paneles\/panel-poblat-03.jpg\"><\/a><\/li>\n    <li class=\"aster-diapositiva-texto\">Cocheras de las viviendas para obreros. El dep\u00f3sito de aguas es un contrapunto vertical en la composici\u00f3n horizontal del poblado.<\/li>\n    <\/ul><\/div>\n    \n    <div class=\"aster-diapositiva\"><ul>\n    <li><a href=\"#img04\"><img decoding=\"async\" src=\"http:\/\/www.cait-urv.eu\/hifrensa\/paneles\/panel-poblat-04.jpg\"><\/a><\/li>\n    <li class=\"aster-diapositiva-texto\">Viviendas para ingenieros (lado sur). Sin molestarse unas a otras, las casas miran al mar. Se asientan sobre plataformas dispuestas como bancales agr\u00edcolas construidos con muros de piedra seca, caracter\u00edsticos del litoral catal\u00e1n.<\/li>\n    <\/ul><\/div>    \n       \n\t<div class=\"aster-diapositiva\"><ul>\n    <li><a href=\"#img05\"><img decoding=\"async\" src=\"http:\/\/www.cait-urv.eu\/hifrensa\/paneles\/panel-poblat-05.jpg\"><\/a><\/li>\n    <li class=\"aster-diapositiva-texto\">Viviendas para peritos (lado norte). Las cocheras protegen a las casas del fuerte viento Mestral de la zona. Entre las casas y la calle hay zonas p\u00fablicas ajardinadas recreando un paisaje de apariencia natural, con rocas, \u00e1rboles y arbustos donde los ni\u00f1os pueden jugar.<\/li>\n    <\/ul><\/div>\n       \n    <div class=\"aster-diapositiva\"><ul>\n    <li><a href=\"#img06\"><img decoding=\"async\" src=\"http:\/\/www.cait-urv.eu\/hifrensa\/paneles\/panel-poblat-06.jpg\"><\/a><\/li>\n    <li class=\"aster-diapositiva-texto\">Viviendas para ingenieros (lado norte). Las casas est\u00e1n inspiradas en elementos tradicionales: muros encalados, bancales de piedra, porches, patios y celos\u00edas que construyen un paisaje de trazo moderno y formas tradicionales. Antonio Bonet recupera la escala humana que caracteriza a la arquitectura popular.<\/li>\n    <\/ul><\/div>\n    \n\t<div class=\"aster-diapositiva\"><ul>\n    <li><a href=\"#img07\"><img decoding=\"async\" src=\"http:\/\/www.cait-urv.eu\/hifrensa\/paneles\/panel-poblat-07.jpg\"><\/a><\/li>\n    <li class=\"aster-diapositiva-texto\">Plaza p\u00fablica de las viviendas para obreros. Antonio Bonet busca la invisibilidad de la arquitectura. El hormig\u00f3n basto recrea la aspereza y los tonos grises de un paisaje pedregoso. Las viviendas no superan la altura de los \u00e1rboles.<\/li>\n    <\/ul><\/div>\n    \n    <div class=\"aster-diapositiva\"><ul>\n    <li><a href=\"#img08\"><img decoding=\"async\" src=\"http:\/\/www.cait-urv.eu\/hifrensa\/paneles\/panel-poblat-08.jpg\"><\/a><\/li>\n    <li class=\"aster-diapositiva-texto\">Viviendas para obreros. Acceso. Bonet propone embocaduras y corredores porticados. No solo para acceder a las casas, tambi\u00e9n para favorecer relaciones comunitarias. Cada embocadura cuenta con un banco de obra, para conversar, jugar \u2026<\/li>\n    <\/ul><\/div>\n    \n\t<div class=\"aster-diapositiva\"><ul>\n    <li><a href=\"#img09\"><img decoding=\"async\" src=\"http:\/\/www.cait-urv.eu\/hifrensa\/paneles\/panel-poblat-09.jpg\"><\/a><\/li>\n    <li class=\"aster-diapositiva-texto\">Viviendas para obreros. El corredor de acceso a las casas se sit\u00faa en la orientaci\u00f3n desfavorable (norte) mientras que las salas principales de las casas se abren a las vistas y a la orientaci\u00f3n favorable (sur).<\/li>\n    <\/ul><\/div>\n    \n\t<div class=\"aster-diapositiva\"><ul>\n    <li><a href=\"#img10\"><img decoding=\"async\" src=\"http:\/\/www.cait-urv.eu\/hifrensa\/paneles\/panel-poblat-10.jpg\"><\/a><\/li>\n    <li class=\"aster-diapositiva-texto\">Residencia para empleados solteros (lado norte). El edificio se separa de la calle mediante jardines. Bonet recrea con rocas y arboles un paisaje de apariencia natural. Muros de pav\u00e9s procuran luz y protegen las habitaciones del fuerte viento de la zona.<\/li>\n    <\/ul><\/div>\n     \n\t<div class=\"aster-diapositiva\"><ul>\n    <li><a href=\"#img11\"><img decoding=\"async\" src=\"http:\/\/www.cait-urv.eu\/hifrensa\/paneles\/panel-poblat-11.jpg\"><\/a><\/li>\n    <li class=\"aster-diapositiva-texto\">Segregaci\u00f3n de veh\u00edculos. Un puente salva el desnivel sobre el barranco. El viario discurre paralelo al recorrido del agua.<\/li>\n    <\/ul><\/div>\n    \n\t<div class=\"aster-diapositiva\"><ul>\n    <li><a href=\"#img12\"><img decoding=\"async\" src=\"http:\/\/www.cait-urv.eu\/hifrensa\/paneles\/panel-poblat-12.jpg\"><\/a><\/li>\n    <li class=\"aster-diapositiva-texto\">Vista exterior de la escuela. Cada pir\u00e1mide recubierta con cer\u00e1mica de La Bisbal, corresponde a un aula. Cada aula se abre a un patio delimitado con muros y celos\u00edas de ladrillo de cal.<\/li>\n    <\/ul><\/div>\n    \n<\/div>\n\n\n<!-- lightbox container hidden with CSS -->\n<a href=\"#_\" class=\"lightbox\" id=\"img01\"><img decoding=\"async\" src=\"http:\/\/www.cait-urv.eu\/hifrensa\/paneles\/panel-poblat-01.jpg\"><\/a>\n<a href=\"#_\" class=\"lightbox\" id=\"img02\"><img decoding=\"async\" src=\"http:\/\/www.cait-urv.eu\/hifrensa\/paneles\/panel-poblat-02.jpg\"><\/a>\n<a href=\"#_\" class=\"lightbox\" id=\"img03\"><img decoding=\"async\" src=\"http:\/\/www.cait-urv.eu\/hifrensa\/paneles\/panel-poblat-03.jpg\"><\/a>\n<a href=\"#_\" class=\"lightbox\" id=\"img04\"><img decoding=\"async\" src=\"http:\/\/www.cait-urv.eu\/hifrensa\/paneles\/panel-poblat-04.jpg\"><\/a>\n<a href=\"#_\" class=\"lightbox\" id=\"img05\"><img decoding=\"async\" src=\"http:\/\/www.cait-urv.eu\/hifrensa\/paneles\/panel-poblat-05.jpg\"><\/a>\n<a href=\"#_\" class=\"lightbox\" id=\"img06\"><img decoding=\"async\" src=\"http:\/\/www.cait-urv.eu\/hifrensa\/paneles\/panel-poblat-06.jpg\"><\/a>\n<a href=\"#_\" class=\"lightbox\" id=\"img07\"><img decoding=\"async\" src=\"http:\/\/www.cait-urv.eu\/hifrensa\/paneles\/panel-poblat-07.jpg\"><\/a>\n<a href=\"#_\" class=\"lightbox\" id=\"img08\"><img decoding=\"async\" src=\"http:\/\/www.cait-urv.eu\/hifrensa\/paneles\/panel-poblat-08.jpg\"><\/a>\n<a href=\"#_\" class=\"lightbox\" id=\"img09\"><img decoding=\"async\" src=\"http:\/\/www.cait-urv.eu\/hifrensa\/paneles\/panel-poblat-09.jpg\"><\/a>\n<a href=\"#_\" class=\"lightbox\" id=\"img10\"><img decoding=\"async\" src=\"http:\/\/www.cait-urv.eu\/hifrensa\/paneles\/panel-poblat-10.jpg\"><\/a>\n<a href=\"#_\" class=\"lightbox\" id=\"img11\"><img decoding=\"async\" src=\"http:\/\/www.cait-urv.eu\/hifrensa\/paneles\/panel-poblat-11.jpg\"><\/a>\n<a href=\"#_\" class=\"lightbox\" id=\"img12\"><img decoding=\"async\" src=\"http:\/\/www.cait-urv.eu\/hifrensa\/paneles\/panel-poblat-12.jpg\"><\/a>\n\n\n<script type=\"text\/javascript\" src=\"\/\/code.jquery.com\/jquery-1.11.0.min.js\"><\/script>\n<script type=\"text\/javascript\" src=\"\/\/code.jquery.com\/jquery-migrate-1.2.1.min.js\"><\/script>\n<script type=\"text\/javascript\" src=\"http:\/\/www.cait-urv.eu\/hifrensa\/slick\/slick.min.js\"><\/script>\n\n<script type=\"text\/javascript\"> \nif (screen.width < 900) \n  $(document).ready(function(){\n  $('.aster-carousel').slick({\n  infinite: true,\n  arrows: true,\n  nextArrow:'<button type=\\\"button\\\" class=\\\"aster-carousel-next\\\">+<\/button>',\n  prevArrow:'<button type=\\\"button\\\" class=\\\"aster-carousel-prev\\\" >-<\/button>',\n  slidesToShow: 1,\n  slidesToScroll: 1\n  });\n  });\nelse \n  $(document).ready(function(){\n  $('.aster-carousel').slick({\n  infinite: true,\n  arrows: true,\n  nextArrow:'<button type=\\\"button\\\" class=\\\"aster-carousel-next\\\">+<\/button>',\n  prevArrow:'<button type=\\\"button\\\" class=\\\"aster-carousel-prev\\\" >-<\/button>',\n  slidesToShow: 3,\n  slidesToScroll: 3\n  });\n  });\n<\/script>\n","protected":false},"excerpt":{"rendered":"<p>Antonio Bonet recibe el encargo de la construcci\u00f3n del poblado HIFRENSA, el conjunto residencial para alojar a los trabajadores de la central nuclear de Vandell\u00f2s-I. Cuenta con una escuela con jard\u00edn de infancia, biblioteca, club social, residencia para empleados solteros, zona deportiva y las dotaciones de infraestructura necesarias para abastecer a 280 viviendas de agua [&hellip;]<\/p>\n","protected":false},"author":1,"featured_media":0,"parent":0,"menu_order":0,"comment_status":"closed","ping_status":"closed","template":"","meta":[],"_links":{"self":[{"href":"http:\/\/www.cait-urv.eu\/hifrensa\/wp-json\/wp\/v2\/pages\/30"}],"collection":[{"href":"http:\/\/www.cait-urv.eu\/hifrensa\/wp-json\/wp\/v2\/pages"}],"about":[{"href":"http:\/\/www.cait-urv.eu\/hifrensa\/wp-json\/wp\/v2\/types\/page"}],"author":[{"embeddable":true,"href":"http:\/\/www.cait-urv.eu\/hifrensa\/wp-json\/wp\/v2\/users\/1"}],"replies":[{"embeddable":true,"href":"http:\/\/www.cait-urv.eu\/hifrensa\/wp-json\/wp\/v2\/comments?post=30"}],"version-history":[{"count":8,"href":"http:\/\/www.cait-urv.eu\/hifrensa\/wp-json\/wp\/v2\/pages\/30\/revisions"}],"predecessor-version":[{"id":109,"href":"http:\/\/www.cait-urv.eu\/hifrensa\/wp-json\/wp\/v2\/pages\/30\/revisions\/109"}],"wp:attachment":[{"href":"http:\/\/www.cait-urv.eu\/hifrensa\/wp-json\/wp\/v2\/media?parent=30"}],"curies":[{"name":"wp","href":"https:\/\/api.w.org\/{rel}","templated":true}]}}