{"id":32,"date":"2019-09-06T14:26:56","date_gmt":"2019-09-06T12:26:56","guid":{"rendered":"http:\/\/www.cait-urv.eu\/hifrensa\/?page_id=32"},"modified":"2019-12-09T11:31:50","modified_gmt":"2019-12-09T10:31:50","slug":"ca-poblat-hifrensa","status":"publish","type":"page","link":"http:\/\/www.cait-urv.eu\/hifrensa\/ca-poblat-hifrensa\/","title":{"rendered":"poblat hifrensa"},"content":{"rendered":"\n<div class=\"slider catalan aster-carousel\">\n    \n\t<div class=\"aster-diapositiva\"><ul>\n    <li><a href=\"#img01\"><img decoding=\"async\" src=\"http:\/\/www.cait-urv.eu\/hifrensa\/paneles\/panel-poblat-01.jpg\"><\/a><\/li>\n    <li class=\"aster-diapositiva-texto\">Antonio Bonet rep l&#8217;enc\u00e0rrec de construir el Poblat Hifrensa, el conjunt residencial per allotjar els treballadors de la central nuclear de Vandell\u00f2s I. Disposa d\u2019una escola amb escola bressol, biblioteca, club social, resid\u00e8ncia per a treballadors solters, zona esportiva i les dotacions d&#8217;infraestructura necess\u00e0ries per abastir 280 habitatges d&#8217;aigua potable, electricitat i gas. El conjunt est\u00e0 connectat mitjan\u00e7ant passos per a vianants i bicicletes amb places p\u00fabliques amb esquema viari en <i>cul-de-sac<\/i>.<\/li>\n    <\/ul><\/div>\n    \n    <div class=\"aster-diapositiva\"><ul>\n    <li><a href=\"#img02\"><img decoding=\"async\" src=\"http:\/\/www.cait-urv.eu\/hifrensa\/paneles\/panel-poblat-02.jpg\"><\/a><\/li>\n    <li class=\"aster-diapositiva-texto\">Juliol &#8211; Octubre 1968 La segona versi\u00f3 es planteja una pla\u00e7a central abra\u00e7ada per l&#8217;escola, el club social i la resid\u00e8ncia per a treballadors solters formant una \u00abL\u00bb. Es preveu la construcci\u00f3 d&#8217;un mercat i una capella. Les vies formen aspes amb finals de carrer amb aparcaments en <i>cul-de-sac<\/i>.<\/li>\n    <\/ul><\/div>\n \n\t<div class=\"aster-diapositiva\"><ul>\n    <li><a href=\"#img03\"><img decoding=\"async\" src=\"http:\/\/www.cait-urv.eu\/hifrensa\/paneles\/panel-poblat-03.jpg\"><\/a><\/li>\n    <li class=\"aster-diapositiva-texto\">Cotxeres dels habitatges per a obrers. El dip\u00f2sit d&#8217;aigu\u0308es \u00e9s un contrapunt vertical a la composici\u00f3 horitzontal del poblat.<\/li>\n    <\/ul><\/div>\n    \n    <div class=\"aster-diapositiva\"><ul>\n    <li><a href=\"#img04\"><img decoding=\"async\" src=\"http:\/\/www.cait-urv.eu\/hifrensa\/paneles\/panel-poblat-04.jpg\"><\/a><\/li>\n    <li class=\"aster-diapositiva-texto\">Habitatges per a perits (costat sud). Les cases miren al mar sense molestar les unes a les altres. Es construeixen sobre plataformes disposades com bancals agr\u00edcoles constru\u00efts amb murs de pedra seca, caracter\u00edstics del litoral catal\u00e0.<\/li>\n    <\/ul><\/div>    \n       \n\t<div class=\"aster-diapositiva\"><ul>\n    <li><a href=\"#img05\"><img decoding=\"async\" src=\"http:\/\/www.cait-urv.eu\/hifrensa\/paneles\/panel-poblat-05.jpg\"><\/a><\/li>\n    <li class=\"aster-diapositiva-texto\">Habitatges per a perits (costat nord). Les cotxeres protegeixen les cases del fort vent de Mestral de la zona. Entre les cases i el carrer hi ha zones p\u00fabliques enjardinades que recreen un paisatge d&#8217;aparen\u00e7a natural, amb roques, arbres i arbustos on els nens poden jugar.<\/li>\n    <\/ul><\/div>\n       \n    <div class=\"aster-diapositiva\"><ul>\n    <li><a href=\"#img06\"><img decoding=\"async\" src=\"http:\/\/www.cait-urv.eu\/hifrensa\/paneles\/panel-poblat-06.jpg\"><\/a><\/li>\n    <li class=\"aster-diapositiva-texto\">Habitatges per a enginyers (costat nord). Les cases estan inspirades en elements tradicionals: parets blanques, bancals de pedra, porxos, patis i gelosies que construeixen un paisatge de tra\u00e7 modern i formes tradicionals. Antonio Bonet recupera l&#8217;escala humana que caracteritza l&#8217;arquitectura popular.<\/li>\n    <\/ul><\/div>\n    \n\t<div class=\"aster-diapositiva\"><ul>\n    <li><a href=\"#img07\"><img decoding=\"async\" src=\"http:\/\/www.cait-urv.eu\/hifrensa\/paneles\/panel-poblat-07.jpg\"><\/a><\/li>\n    <li class=\"aster-diapositiva-texto\">Pla\u00e7a p\u00fablica dels habitatges per a obrers. Antonio Bonet busca la invisibilitat de l&#8217;arquitectura. El formig\u00f3 bast recrea l&#8217;aspror i els tons grisos d&#8217;un paisatge pedreg\u00f3s. Els habitatges no superen l&#8217;altura dels arbres.<\/li>\n    <\/ul><\/div>\n    \n    <div class=\"aster-diapositiva\"><ul>\n    <li><a href=\"#img08\"><img decoding=\"async\" src=\"http:\/\/www.cait-urv.eu\/hifrensa\/paneles\/panel-poblat-08.jpg\"><\/a><\/li>\n    <li class=\"aster-diapositiva-texto\">Habitatges per a obrers. Acc\u00e9s. Bonet proposa embocadures i corredors porxats tant per accedir als habitatges com per afavorir relacions comunit\u00e0ries. Cada embocadura t\u00e9 un banc d&#8217;obra per reunir-se, conversar, jugar &#8230;<\/li>\n    <\/ul><\/div>\n    \n\t<div class=\"aster-diapositiva\"><ul>\n    <li><a href=\"#img09\"><img decoding=\"async\" src=\"http:\/\/www.cait-urv.eu\/hifrensa\/paneles\/panel-poblat-09.jpg\"><\/a><\/li>\n    <li class=\"aster-diapositiva-texto\">Habitatges per a obrers. El corredor d&#8217;acc\u00e9s a les cases se situa en l&#8217;orientaci\u00f3 desfavorable (nord) quan les sales principals s&#8217;obren a les vistes i a l&#8217;orientaci\u00f3 favorable (sud).<\/li>\n    <\/ul><\/div>\n    \n\t<div class=\"aster-diapositiva\"><ul>\n    <li><a href=\"#img10\"><img decoding=\"async\" src=\"http:\/\/www.cait-urv.eu\/hifrensa\/paneles\/panel-poblat-10.jpg\"><\/a><\/li>\n    <li class=\"aster-diapositiva-texto\">Resid\u00e8ncia per a treballadors solters (costat nord). L&#8217;edifici es separa del carrer mitjan\u00e7ant jardins. Bonet recrea amb roques i arbres un paisatge d&#8217;aparen\u00e7a natural: murs de pav\u00e8s donen llum i protegeixen les habitacions del vent.<\/li>\n    <\/ul><\/div>\n     \n\t<div class=\"aster-diapositiva\"><ul>\n    <li><a href=\"#img11\"><img decoding=\"async\" src=\"http:\/\/www.cait-urv.eu\/hifrensa\/paneles\/panel-poblat-11.jpg\"><\/a><\/li>\n    <li class=\"aster-diapositiva-texto\">Segregaci\u00f3 de vehicles. Un pont salva el desnivell sobre el barranc. La via va paral\u00b7lela al recorregut de l&#8217;aigua.<\/li>\n    <\/ul><\/div>\n    \n\t<div class=\"aster-diapositiva\"><ul>\n    <li><a href=\"#img12\"><img decoding=\"async\" src=\"http:\/\/www.cait-urv.eu\/hifrensa\/paneles\/panel-poblat-12.jpg\"><\/a><\/li>\n    <li class=\"aster-diapositiva-texto\">Vista exterior de l&#8217;escola. Cada pir\u00e0mide recoberta amb cer\u00e0mica de la Bisbal correspon a una aula i cada aula s&#8217;obre a un pati delimitat amb murs i gelosies de ma\u00f3 de cal\u00e7.<\/li>\n    <\/ul><\/div>\n    \n<\/div>\n\n\n<!-- lightbox container hidden with CSS -->\n<a href=\"#_\" class=\"lightbox\" id=\"img01\"><img decoding=\"async\" src=\"http:\/\/www.cait-urv.eu\/hifrensa\/paneles\/panel-poblat-01.jpg\"><\/a>\n<a href=\"#_\" class=\"lightbox\" id=\"img02\"><img decoding=\"async\" src=\"http:\/\/www.cait-urv.eu\/hifrensa\/paneles\/panel-poblat-02.jpg\"><\/a>\n<a href=\"#_\" class=\"lightbox\" id=\"img03\"><img decoding=\"async\" src=\"http:\/\/www.cait-urv.eu\/hifrensa\/paneles\/panel-poblat-03.jpg\"><\/a>\n<a href=\"#_\" class=\"lightbox\" id=\"img04\"><img decoding=\"async\" src=\"http:\/\/www.cait-urv.eu\/hifrensa\/paneles\/panel-poblat-04.jpg\"><\/a>\n<a href=\"#_\" class=\"lightbox\" id=\"img05\"><img decoding=\"async\" src=\"http:\/\/www.cait-urv.eu\/hifrensa\/paneles\/panel-poblat-05.jpg\"><\/a>\n<a href=\"#_\" class=\"lightbox\" id=\"img06\"><img decoding=\"async\" src=\"http:\/\/www.cait-urv.eu\/hifrensa\/paneles\/panel-poblat-06.jpg\"><\/a>\n<a href=\"#_\" class=\"lightbox\" id=\"img07\"><img decoding=\"async\" src=\"http:\/\/www.cait-urv.eu\/hifrensa\/paneles\/panel-poblat-07.jpg\"><\/a>\n<a href=\"#_\" class=\"lightbox\" id=\"img08\"><img decoding=\"async\" src=\"http:\/\/www.cait-urv.eu\/hifrensa\/paneles\/panel-poblat-08.jpg\"><\/a>\n<a href=\"#_\" class=\"lightbox\" id=\"img09\"><img decoding=\"async\" src=\"http:\/\/www.cait-urv.eu\/hifrensa\/paneles\/panel-poblat-09.jpg\"><\/a>\n<a href=\"#_\" class=\"lightbox\" id=\"img10\"><img decoding=\"async\" src=\"http:\/\/www.cait-urv.eu\/hifrensa\/paneles\/panel-poblat-10.jpg\"><\/a>\n<a href=\"#_\" class=\"lightbox\" id=\"img11\"><img decoding=\"async\" src=\"http:\/\/www.cait-urv.eu\/hifrensa\/paneles\/panel-poblat-11.jpg\"><\/a>\n<a href=\"#_\" class=\"lightbox\" id=\"img12\"><img decoding=\"async\" src=\"http:\/\/www.cait-urv.eu\/hifrensa\/paneles\/panel-poblat-12.jpg\"><\/a>\n\n\n<script type=\"text\/javascript\" src=\"\/\/code.jquery.com\/jquery-1.11.0.min.js\"><\/script>\n<script type=\"text\/javascript\" src=\"\/\/code.jquery.com\/jquery-migrate-1.2.1.min.js\"><\/script>\n<script type=\"text\/javascript\" src=\"http:\/\/www.cait-urv.eu\/hifrensa\/slick\/slick.min.js\"><\/script>\n\n<script type=\"text\/javascript\"> \nif (screen.width < 900) \n  $(document).ready(function(){\n  $('.aster-carousel').slick({\n  infinite: true,\n  arrows: true,\n  nextArrow:'<button type=\\\"button\\\" class=\\\"aster-carousel-next\\\">+<\/button>',\n  prevArrow:'<button type=\\\"button\\\" class=\\\"aster-carousel-prev\\\" >-<\/button>',\n  slidesToShow: 1,\n  slidesToScroll: 1\n  });\n  });\nelse \n  $(document).ready(function(){\n  $('.aster-carousel').slick({\n  infinite: true,\n  arrows: true,\n  nextArrow:'<button type=\\\"button\\\" class=\\\"aster-carousel-next\\\">+<\/button>',\n  prevArrow:'<button type=\\\"button\\\" class=\\\"aster-carousel-prev\\\" >-<\/button>',\n  slidesToShow: 3,\n  slidesToScroll: 3\n  });\n  });\n<\/script>\n","protected":false},"excerpt":{"rendered":"<p>Antonio Bonet rep l&#8217;enc\u00e0rrec de construir el Poblat Hifrensa, el conjunt residencial per allotjar els treballadors de la central nuclear de Vandell\u00f2s I. Disposa d\u2019una escola amb escola bressol, biblioteca, club social, resid\u00e8ncia per a treballadors solters, zona esportiva i les dotacions d&#8217;infraestructura necess\u00e0ries per abastir 280 habitatges d&#8217;aigua potable, electricitat i gas. El conjunt [&hellip;]<\/p>\n","protected":false},"author":1,"featured_media":0,"parent":0,"menu_order":0,"comment_status":"closed","ping_status":"closed","template":"","meta":[],"_links":{"self":[{"href":"http:\/\/www.cait-urv.eu\/hifrensa\/wp-json\/wp\/v2\/pages\/32"}],"collection":[{"href":"http:\/\/www.cait-urv.eu\/hifrensa\/wp-json\/wp\/v2\/pages"}],"about":[{"href":"http:\/\/www.cait-urv.eu\/hifrensa\/wp-json\/wp\/v2\/types\/page"}],"author":[{"embeddable":true,"href":"http:\/\/www.cait-urv.eu\/hifrensa\/wp-json\/wp\/v2\/users\/1"}],"replies":[{"embeddable":true,"href":"http:\/\/www.cait-urv.eu\/hifrensa\/wp-json\/wp\/v2\/comments?post=32"}],"version-history":[{"count":8,"href":"http:\/\/www.cait-urv.eu\/hifrensa\/wp-json\/wp\/v2\/pages\/32\/revisions"}],"predecessor-version":[{"id":110,"href":"http:\/\/www.cait-urv.eu\/hifrensa\/wp-json\/wp\/v2\/pages\/32\/revisions\/110"}],"wp:attachment":[{"href":"http:\/\/www.cait-urv.eu\/hifrensa\/wp-json\/wp\/v2\/media?parent=32"}],"curies":[{"name":"wp","href":"https:\/\/api.w.org\/{rel}","templated":true}]}}