{"id":34,"date":"2019-09-06T14:27:19","date_gmt":"2019-09-06T12:27:19","guid":{"rendered":"http:\/\/www.cait-urv.eu\/hifrensa\/?page_id=34"},"modified":"2019-12-10T19:48:11","modified_gmt":"2019-12-10T18:48:11","slug":"es-museo","status":"publish","type":"page","link":"http:\/\/www.cait-urv.eu\/hifrensa\/es-museo\/","title":{"rendered":"museo"},"content":{"rendered":"\n<p class=\"cait-text\">El <em>petit museu<\/em> es una iniciativa del cait urv financiada por el municipio de vandell\u00f2s i l\u2019hospitalet de l\u2019infant. Se rehabilitan dos m\u00f3dulos de la escuela \u00e0ster para destinar un aula a espacio expositivo dedicado a la figura de Antonio Bonet. La otra aula se devuelve a su estado original. <br><br>La escuela traslada el oficio de Bonet como urbanista, ordena buenas condiciones de habitabilidad para los ni\u00f1os en el paisaje.  En esta arquitectura puede apreciarse su formaci\u00f3n en el gatcpac, con Sert y Torres Clav\u00e9 en el proyecto del Parvulario en Viladecans (1935), as\u00ed como las virtudes de las propuestas del movimiento moderno para las escuelas de la rep\u00fablica.<\/p>\n\n\n\n<p class=\"cait-text\"><strong>concepci\u00f3n y museizaci\u00f3n<\/strong><br>gillermo zuaznabar, juan fernando r\u00f3denas y carlos gonzalvo;<br>centre d\u2019an\u00e0lisi integral del territori, universitat rovira i virgili (cait-urv)<br>colaborador: olaf puente<br><br><strong>restauraci\u00f3n arquitect\u00f3nica<\/strong><br>juan fernando r\u00f3denas, carlos gonzalvo y gillermo zuaznabar (cait-urv)<br><br><strong>dise\u00f1o gr\u00e1fico<\/strong><br>diana rovira<br><br><strong>maquetas<\/strong><br>\u00e1ngel garc\u00eda y cait-urv<br><br><strong>constructora<\/strong><br>r\u00e8cop restauracions arquitect\u00f2niques<br><br><strong>coordinaci\u00f3n t\u00e9cnica<\/strong><br>serveis t\u00e8cnics municipals, alexis castillo, xavier ruiz edo<br><br><strong>traducciones<\/strong><br>servei lingu\u0308\u00edstic de la urv<br><br><strong>fotograf\u00edas<\/strong><br>fran\u00e7ois kollar, francesc catal\u00e0-roca, oriol maspons, deidi von schaewen, francisco andreu, pepo segura, juan de dios jarillo<br><br><strong>archivos<\/strong><br>fons bonet, arxiu hist\u00f2ric del coac<br>arxiu hifrensa, arxiu hist\u00f2ric del coac<br>arxiu hifrensa, arxiu municipal de vandell\u00f2s i l\u2019hospitalet de l\u2019infant<br><br><strong>promotores<\/strong><br>ajuntament de vandell\u00f2s i l\u2019hospitalet de l\u2019\u00ecnfant,<br>fundaci\u00f3 universitat rovira i virgili<br><br><strong>patrocinadores<\/strong><br>escola t\u00e8cnica superior d\u2019arquitectura de reus (urv)<br>col\u00b7legi d\u2019arquitectes de catalunya<br><br><strong>agradecimientos<\/strong><br>victoria bonet<br>pedro r\u00f3denas<br>fernando marz\u00e1<br>andreu carrascal<br>neus revert\u00e9<br>sergi xanc\u00f3<br>cristina cancer<br>teodoro castillo<br>alfonso tejero<br>jordi sol\u00e9<br>col\u00b7legi d\u2019arquitectes de catalunya demarcaci\u00f3 de tarragona<br><br><\/p>\n","protected":false},"excerpt":{"rendered":"<p>El petit museu es una iniciativa del cait urv financiada por el municipio de vandell\u00f2s i l\u2019hospitalet de l\u2019infant. Se rehabilitan dos m\u00f3dulos de la escuela \u00e0ster para destinar un aula a espacio expositivo dedicado a la figura de Antonio Bonet. La otra aula se devuelve a su estado original. La escuela traslada el oficio [&hellip;]<\/p>\n","protected":false},"author":1,"featured_media":0,"parent":0,"menu_order":0,"comment_status":"closed","ping_status":"closed","template":"","meta":[],"_links":{"self":[{"href":"http:\/\/www.cait-urv.eu\/hifrensa\/wp-json\/wp\/v2\/pages\/34"}],"collection":[{"href":"http:\/\/www.cait-urv.eu\/hifrensa\/wp-json\/wp\/v2\/pages"}],"about":[{"href":"http:\/\/www.cait-urv.eu\/hifrensa\/wp-json\/wp\/v2\/types\/page"}],"author":[{"embeddable":true,"href":"http:\/\/www.cait-urv.eu\/hifrensa\/wp-json\/wp\/v2\/users\/1"}],"replies":[{"embeddable":true,"href":"http:\/\/www.cait-urv.eu\/hifrensa\/wp-json\/wp\/v2\/comments?post=34"}],"version-history":[{"count":7,"href":"http:\/\/www.cait-urv.eu\/hifrensa\/wp-json\/wp\/v2\/pages\/34\/revisions"}],"predecessor-version":[{"id":172,"href":"http:\/\/www.cait-urv.eu\/hifrensa\/wp-json\/wp\/v2\/pages\/34\/revisions\/172"}],"wp:attachment":[{"href":"http:\/\/www.cait-urv.eu\/hifrensa\/wp-json\/wp\/v2\/media?parent=34"}],"curies":[{"name":"wp","href":"https:\/\/api.w.org\/{rel}","templated":true}]}}