{"id":36,"date":"2019-09-06T14:27:37","date_gmt":"2019-09-06T12:27:37","guid":{"rendered":"http:\/\/www.cait-urv.eu\/hifrensa\/?page_id=36"},"modified":"2019-12-10T19:49:31","modified_gmt":"2019-12-10T18:49:31","slug":"ca-museu","status":"publish","type":"page","link":"http:\/\/www.cait-urv.eu\/hifrensa\/ca-museu\/","title":{"rendered":"museu"},"content":{"rendered":"\n<p class=\"cait-text\">El petit museu \u00e9s una iniciativa del cait urv finan\u00e7ada pel municipi de Vandell\u00f2s i l&#8217;Hospitalet de l&#8217;infant. Es rehabiliten dos m\u00f2duls de l&#8217;escola \u00e0ster per destinar un aula a espai expositiu dedicat a la figura d&#8217;Antonio Bonet. L&#8217;altra aula es torna al seu estat original. <br><br>L&#8217;escola trasllada l&#8217;ofici de Bonet com a urbanista, ordena bones condicions d&#8217;habitabilitat per als nens en el paisatge. En aquesta arquitectura es pot apreciar la seva formaci\u00f3 en el gatcpac, amb Sert i Torres Clav\u00e9 en el projecte del parvulari a Viladecans (1935), aix\u00ed com les virtuts de les propostes del moviment modern per les escoles de la rep\u00fablica.<\/p>\n\n\n\n<p class=\"cait-text\"><strong>concepci\u00f3 i muse\u00eftzaci\u00f3<\/strong><br>gillermo zuaznabar, juan fernando r\u00f3denas i carlos gonzalvo;<br>centre d\u2019an\u00e0lisi integral del territori, universitat rovira i virgili (cait-urv)<br>col\u00b7laborador: olaf puente<br><br><strong>restauraci\u00f3 arquitect\u00f2nica<\/strong><br>juan fernando r\u00f3denas, carlos gonzalvo i gillermo zuaznabar (cait-urv)<br><br><strong>disseny gr\u00e0fic<\/strong><br>diana rovira<br><br><strong> maquetes<\/strong><br>\u00e1ngel garc\u00eda i cait-urv<br><br><strong>constructora<\/strong><br>r\u00e8cop restauracions arquitect\u00f2niques<br><br><strong>coordinaci\u00f3 t\u00e8cnica<\/strong><br>serveis t\u00e8cnics municipals, alexis castillo, xavier ruiz edo<br><br><strong>traduccions<\/strong><br>servei lingu\u0308\u00edstic de la urv<br><br><strong>fotografies<\/strong><br>fran\u00e7ois kollar, francesc catal\u00e0-roca, oriol maspons, deidi von schaewen, francisco andreu, pepo segura, juan de dios jarillo<br><br><strong>arxius<\/strong><br>fons bonet, arxiu hist\u00f2ric del coac<br>arxiu hifrensa, arxiu hist\u00f2ric del coac<br>arxiu hifrensa, arxiu municipal de vandell\u00f2s i l\u2019hospitalet de l\u2019infant<br><br><strong>promotors<\/strong><br>ajuntament de vandell\u00f2s i l\u2019hospitalet de l\u2019\u00ecnfant,<br>fundaci\u00f3 universitat rovira i virgili<br><br><strong>patrocinadors<\/strong><br>escola t\u00e8cnica superior d\u2019arquitectura de reus (urv)<br>col\u00b7legi d\u2019arquitectes de catalunya<br><br><strong>agra\u00efments<\/strong><br>victoria bonet<br>pedro r\u00f3denas<br>fernando marz\u00e1<br>andreu carrascal<br>neus revert\u00e9<br>sergi xanc\u00f3<br>cristina cancer<br>teodoro castillo<br>alfonso tejero<br>jordi sol\u00e9<br>col\u00b7legi d\u2019arquitectes de catalunya demarcaci\u00f3 de tarragona<br><br><\/p>\n","protected":false},"excerpt":{"rendered":"<p>El petit museu \u00e9s una iniciativa del cait urv finan\u00e7ada pel municipi de Vandell\u00f2s i l&#8217;Hospitalet de l&#8217;infant. Es rehabiliten dos m\u00f2duls de l&#8217;escola \u00e0ster per destinar un aula a espai expositiu dedicat a la figura d&#8217;Antonio Bonet. L&#8217;altra aula es torna al seu estat original. L&#8217;escola trasllada l&#8217;ofici de Bonet com a urbanista, ordena [&hellip;]<\/p>\n","protected":false},"author":1,"featured_media":0,"parent":0,"menu_order":0,"comment_status":"closed","ping_status":"closed","template":"","meta":[],"_links":{"self":[{"href":"http:\/\/www.cait-urv.eu\/hifrensa\/wp-json\/wp\/v2\/pages\/36"}],"collection":[{"href":"http:\/\/www.cait-urv.eu\/hifrensa\/wp-json\/wp\/v2\/pages"}],"about":[{"href":"http:\/\/www.cait-urv.eu\/hifrensa\/wp-json\/wp\/v2\/types\/page"}],"author":[{"embeddable":true,"href":"http:\/\/www.cait-urv.eu\/hifrensa\/wp-json\/wp\/v2\/users\/1"}],"replies":[{"embeddable":true,"href":"http:\/\/www.cait-urv.eu\/hifrensa\/wp-json\/wp\/v2\/comments?post=36"}],"version-history":[{"count":15,"href":"http:\/\/www.cait-urv.eu\/hifrensa\/wp-json\/wp\/v2\/pages\/36\/revisions"}],"predecessor-version":[{"id":174,"href":"http:\/\/www.cait-urv.eu\/hifrensa\/wp-json\/wp\/v2\/pages\/36\/revisions\/174"}],"wp:attachment":[{"href":"http:\/\/www.cait-urv.eu\/hifrensa\/wp-json\/wp\/v2\/media?parent=36"}],"curies":[{"name":"wp","href":"https:\/\/api.w.org\/{rel}","templated":true}]}}